{"id":2028,"date":"2018-12-07T21:30:11","date_gmt":"2018-12-07T21:30:11","guid":{"rendered":"http:\/\/casabravo.cl\/?post_type=product&#038;p=2028"},"modified":"2024-05-22T21:48:19","modified_gmt":"2024-05-22T21:48:19","slug":"mouse-inalambrico-usb-negro-3-botones","status":"publish","type":"product","link":"https:\/\/casabravo.cl\/?product=mouse-inalambrico-usb-negro-3-botones","title":{"rendered":"MOUSE INAL\u00c1MBRICO USB 3 BOTONES LOGITECH"},"content":{"rendered":"<p>MOUSE<\/p>\n<p><strong>CARACTER\u00cdSTICAS:<\/strong><\/p>\n<p>APLICACI\u00d3N: MOUSE INAL\u00c1MBRICO<\/p>\n<p>TIPO:\u00a0USB 3 BOTONES<\/p>\n<p>CONTENIDO: 1 PILA AA<\/p>\n<p>MARCA:\u00a0LOGITECH<\/p>\n<p>COLOR:\u00a0 NEGRO<\/p>\n<p>C\u00d3DIGO: 000245<\/p>\n","protected":false},"excerpt":{"rendered":"<p>MOUSE CARACTER\u00cdSTICAS: APLICACI\u00d3N: MOUSE INAL\u00c1MBRICO TIPO:\u00a0USB 3 BOTONES CONTENIDO: 1 PILA AA MARCA:\u00a0LOGITECH COLOR:\u00a0 NEGRO C\u00d3DIGO: 000245<\/p>\n","protected":false},"featured_media":2030,"comment_status":"open","ping_status":"closed","template":"","meta":[],"_links":{"self":[{"href":"https:\/\/casabravo.cl\/index.php?rest_route=\/wp\/v2\/product\/2028"}],"collection":[{"href":"https:\/\/casabravo.cl\/index.php?rest_route=\/wp\/v2\/product"}],"about":[{"href":"https:\/\/casabravo.cl\/index.php?rest_route=\/wp\/v2\/types\/product"}],"replies":[{"embeddable":true,"href":"https:\/\/casabravo.cl\/index.php?rest_route=%2Fwp%2Fv2%2Fcomments&post=2028"}],"wp:featuredmedia":[{"embeddable":true,"href":"https:\/\/casabravo.cl\/index.php?rest_route=\/wp\/v2\/media\/2030"}],"wp:attachment":[{"href":"https:\/\/casabravo.cl\/index.php?rest_route=%2Fwp%2Fv2%2Fmedia&parent=2028"}],"curies":[{"name":"wp","href":"https:\/\/api.w.org\/{rel}","templated":true}]}}