{"id":1979,"date":"2018-12-07T13:08:28","date_gmt":"2018-12-07T13:08:28","guid":{"rendered":"http:\/\/casabravo.cl\/?post_type=product&#038;p=1979"},"modified":"2021-08-19T19:50:00","modified_gmt":"2021-08-19T19:50:00","slug":"cinta-luces-led-5-mts-150-luces-rgb-c-control-12v-3a","status":"publish","type":"product","link":"https:\/\/casabravo.cl\/?product=cinta-luces-led-5-mts-150-luces-rgb-c-control-12v-3a","title":{"rendered":"CINTA LUCES LED RGB 5.0 MTS. 150 LUCES"},"content":{"rendered":"<p>CINTA LED<\/p>\n<p><strong>CARACTER\u00cdSTICAS:<\/strong><\/p>\n<p>APLICACI\u00d3N: CINTA 150 LUCES PARA FIESTA<\/p>\n<p>TIPO: RGB CON CONTROL REMOTO<\/p>\n<p>TAMA\u00d1O: 5.0 METROS<\/p>\n<p>CONTENIDO:\u00a0 CINTA-ADAPTADOR-CARGADOR\u00a012V 3A Y CONTROL REMOTO<\/p>\n<p>C\u00d3DIGO: 000266<\/p>\n<p>&nbsp;<\/p>\n","protected":false},"excerpt":{"rendered":"<p>CINTA LED CARACTER\u00cdSTICAS: APLICACI\u00d3N: CINTA 150 LUCES PARA FIESTA TIPO: RGB CON CONTROL REMOTO TAMA\u00d1O: 5.0 METROS CONTENIDO:\u00a0 CINTA-ADAPTADOR-CARGADOR\u00a012V 3A Y CONTROL REMOTO C\u00d3DIGO: 000266 &nbsp;<\/p>\n","protected":false},"featured_media":0,"comment_status":"open","ping_status":"closed","template":"","meta":[],"_links":{"self":[{"href":"https:\/\/casabravo.cl\/index.php?rest_route=\/wp\/v2\/product\/1979"}],"collection":[{"href":"https:\/\/casabravo.cl\/index.php?rest_route=\/wp\/v2\/product"}],"about":[{"href":"https:\/\/casabravo.cl\/index.php?rest_route=\/wp\/v2\/types\/product"}],"replies":[{"embeddable":true,"href":"https:\/\/casabravo.cl\/index.php?rest_route=%2Fwp%2Fv2%2Fcomments&post=1979"}],"wp:attachment":[{"href":"https:\/\/casabravo.cl\/index.php?rest_route=%2Fwp%2Fv2%2Fmedia&parent=1979"}],"curies":[{"name":"wp","href":"https:\/\/api.w.org\/{rel}","templated":true}]}}