{"id":1977,"date":"2018-12-07T12:50:56","date_gmt":"2018-12-07T12:50:56","guid":{"rendered":"http:\/\/casabravo.cl\/?post_type=product&#038;p=1977"},"modified":"2018-12-14T21:47:51","modified_gmt":"2018-12-14T21:47:51","slug":"senalizacion-de-emergencia-6500k-3w-ems","status":"publish","type":"product","link":"https:\/\/casabravo.cl\/?product=senalizacion-de-emergencia-6500k-3w-ems","title":{"rendered":"SE\u00d1ALIZACI\u00d3N DE EMERGENCIA"},"content":{"rendered":"<p>SE\u00d1ALIZACI\u00d3N IZQUIERDA<\/p>\n<p><strong>CARACTER\u00cdSTICAS:<\/strong><\/p>\n<p>APLICACI\u00d3N: SALIDA EMERGENCIA<\/p>\n<p>COLOR: LUZ FR\u00cdA (6500K )\u00a0 3W<\/p>\n<p>C\u00d3DIGO: 000901<\/p>\n<p>&nbsp;<\/p>\n","protected":false},"excerpt":{"rendered":"<p>SE\u00d1ALIZACI\u00d3N IZQUIERDA CARACTER\u00cdSTICAS: APLICACI\u00d3N: SALIDA EMERGENCIA COLOR: LUZ FR\u00cdA (6500K )\u00a0 3W C\u00d3DIGO: 000901 &nbsp;<\/p>\n","protected":false},"featured_media":1978,"comment_status":"open","ping_status":"closed","template":"","meta":[],"_links":{"self":[{"href":"https:\/\/casabravo.cl\/index.php?rest_route=\/wp\/v2\/product\/1977"}],"collection":[{"href":"https:\/\/casabravo.cl\/index.php?rest_route=\/wp\/v2\/product"}],"about":[{"href":"https:\/\/casabravo.cl\/index.php?rest_route=\/wp\/v2\/types\/product"}],"replies":[{"embeddable":true,"href":"https:\/\/casabravo.cl\/index.php?rest_route=%2Fwp%2Fv2%2Fcomments&post=1977"}],"wp:featuredmedia":[{"embeddable":true,"href":"https:\/\/casabravo.cl\/index.php?rest_route=\/wp\/v2\/media\/1978"}],"wp:attachment":[{"href":"https:\/\/casabravo.cl\/index.php?rest_route=%2Fwp%2Fv2%2Fmedia&parent=1977"}],"curies":[{"name":"wp","href":"https:\/\/api.w.org\/{rel}","templated":true}]}}