{"id":1950,"date":"2018-12-06T13:41:33","date_gmt":"2018-12-06T13:41:33","guid":{"rendered":"http:\/\/casabravo.cl\/?post_type=product&#038;p=1950"},"modified":"2021-07-22T14:22:16","modified_gmt":"2021-07-22T14:22:16","slug":"ampolleta-led-luz-fria-3w-tipo-vela-e27-6500k","status":"publish","type":"product","link":"https:\/\/casabravo.cl\/?product=ampolleta-led-luz-fria-3w-tipo-vela-e27-6500k","title":{"rendered":"AMPOLLETA LED 3 WATTS TIPO VELA LUZ FR\u00cdA E-27"},"content":{"rendered":"<p>AMPOLLETA LED<\/p>\n<p><strong>CARACTER\u00cdSTICAS:<\/strong><\/p>\n<p>APLICACI\u00d3N: AMPOLLETA LED 3 WATTS<\/p>\n<p>TIPO: LUZ FR\u00cdA (6500K)<\/p>\n<p>LUMINOSIDAD: 210 L\u00daMENES<\/p>\n<p>VIDA \u00daTIL: 50.000 HORAS<\/p>\n<p>SOQUETE: E-27<\/p>\n<p>MODELO: VELA<\/p>\n<p>C\u00d3DIGO: 000895<\/p>\n<p>&nbsp;<\/p>\n","protected":false},"excerpt":{"rendered":"<p>AMPOLLETA LED CARACTER\u00cdSTICAS: APLICACI\u00d3N: AMPOLLETA LED 3 WATTS TIPO: LUZ FR\u00cdA (6500K) LUMINOSIDAD: 210 L\u00daMENES VIDA \u00daTIL: 50.000 HORAS SOQUETE: E-27 MODELO: VELA C\u00d3DIGO: 000895 &nbsp;<\/p>\n","protected":false},"featured_media":0,"comment_status":"open","ping_status":"closed","template":"","meta":[],"_links":{"self":[{"href":"https:\/\/casabravo.cl\/index.php?rest_route=\/wp\/v2\/product\/1950"}],"collection":[{"href":"https:\/\/casabravo.cl\/index.php?rest_route=\/wp\/v2\/product"}],"about":[{"href":"https:\/\/casabravo.cl\/index.php?rest_route=\/wp\/v2\/types\/product"}],"replies":[{"embeddable":true,"href":"https:\/\/casabravo.cl\/index.php?rest_route=%2Fwp%2Fv2%2Fcomments&post=1950"}],"wp:attachment":[{"href":"https:\/\/casabravo.cl\/index.php?rest_route=%2Fwp%2Fv2%2Fmedia&parent=1950"}],"curies":[{"name":"wp","href":"https:\/\/api.w.org\/{rel}","templated":true}]}}