{"id":1944,"date":"2018-12-06T13:25:11","date_gmt":"2018-12-06T13:25:11","guid":{"rendered":"http:\/\/casabravo.cl\/?post_type=product&#038;p=1944"},"modified":"2019-02-07T14:20:16","modified_gmt":"2019-02-07T14:20:16","slug":"ampolleta-led-ultron-9w-75w-e27-luz-fria","status":"publish","type":"product","link":"https:\/\/casabravo.cl\/?product=ampolleta-led-ultron-9w-75w-e27-luz-fria","title":{"rendered":"AMPOLLETA LED 9 WATTS ULTRON"},"content":{"rendered":"<p>AMPOLLETA LED<\/p>\n<p><strong>CARACTER\u00cdSTICAS:<\/strong><\/p>\n<p>APLICACI\u00d3N: AMPOLLETA LED 9 WATTS<\/p>\n<p>TIPO: LUZ FR\u00cdA (6000K) \/ E27<\/p>\n<p>LUMINOSIDAD: 800 L\u00daMENES<\/p>\n<p>EQUIVALENCIA: 9W = 60W<\/p>\n<p>MODELO: ULTRON<\/p>\n<p>VIDA \u00daTIL: 25.000 HORAS<\/p>\n<p>MARCA: SAMSUNG<\/p>\n<p>C\u00d3DIGO: 054357<\/p>\n<p>&nbsp;<\/p>\n","protected":false},"excerpt":{"rendered":"<p>AMPOLLETA LED CARACTER\u00cdSTICAS: APLICACI\u00d3N: AMPOLLETA LED 9 WATTS TIPO: LUZ FR\u00cdA (6000K) \/ E27 LUMINOSIDAD: 800 L\u00daMENES EQUIVALENCIA: 9W = 60W MODELO: ULTRON VIDA \u00daTIL: 25.000 HORAS MARCA: SAMSUNG C\u00d3DIGO: 054357 &nbsp;<\/p>\n","protected":false},"featured_media":1951,"comment_status":"open","ping_status":"closed","template":"","meta":[],"_links":{"self":[{"href":"https:\/\/casabravo.cl\/index.php?rest_route=\/wp\/v2\/product\/1944"}],"collection":[{"href":"https:\/\/casabravo.cl\/index.php?rest_route=\/wp\/v2\/product"}],"about":[{"href":"https:\/\/casabravo.cl\/index.php?rest_route=\/wp\/v2\/types\/product"}],"replies":[{"embeddable":true,"href":"https:\/\/casabravo.cl\/index.php?rest_route=%2Fwp%2Fv2%2Fcomments&post=1944"}],"wp:featuredmedia":[{"embeddable":true,"href":"https:\/\/casabravo.cl\/index.php?rest_route=\/wp\/v2\/media\/1951"}],"wp:attachment":[{"href":"https:\/\/casabravo.cl\/index.php?rest_route=%2Fwp%2Fv2%2Fmedia&parent=1944"}],"curies":[{"name":"wp","href":"https:\/\/api.w.org\/{rel}","templated":true}]}}