{"id":1926,"date":"2018-12-06T12:50:12","date_gmt":"2018-12-06T12:50:12","guid":{"rendered":"http:\/\/casabravo.cl\/?post_type=product&#038;p=1926"},"modified":"2019-02-07T14:24:26","modified_gmt":"2019-02-07T14:24:26","slug":"ampolleta-led-bola-rgb-g-45-e27","status":"publish","type":"product","link":"https:\/\/casabravo.cl\/?product=ampolleta-led-bola-rgb-g-45-e27","title":{"rendered":"AMPOLLETA LED BOLA RGB 1.0 WATTS"},"content":{"rendered":"<p>AMPOLLETA LED<\/p>\n<p><b>CARACTER\u00cdSTICAS<\/b><strong>:<\/strong><\/p>\n<p>APLICACI\u00d3N: AMPOLLETA LED 1.0 WATTS<\/p>\n<p>TIPO: RGB (COLORES) E-27<\/p>\n<p>LUMINOSIDAD: 80 L\u00daMENES<\/p>\n<p>VIDA \u00daTIL: 20.000 HORAS<\/p>\n<p>MARCA:\u00a0LEDMAX<\/p>\n<p>C\u00d3DIGO: 001612<\/p>\n<p>&nbsp;<\/p>\n<p>&nbsp;<\/p>\n","protected":false},"excerpt":{"rendered":"<p>AMPOLLETA LED CARACTER\u00cdSTICAS: APLICACI\u00d3N: AMPOLLETA LED 1.0 WATTS TIPO: RGB (COLORES) E-27 LUMINOSIDAD: 80 L\u00daMENES VIDA \u00daTIL: 20.000 HORAS MARCA:\u00a0LEDMAX C\u00d3DIGO: 001612 &nbsp; &nbsp;<\/p>\n","protected":false},"featured_media":1930,"comment_status":"open","ping_status":"closed","template":"","meta":[],"_links":{"self":[{"href":"https:\/\/casabravo.cl\/index.php?rest_route=\/wp\/v2\/product\/1926"}],"collection":[{"href":"https:\/\/casabravo.cl\/index.php?rest_route=\/wp\/v2\/product"}],"about":[{"href":"https:\/\/casabravo.cl\/index.php?rest_route=\/wp\/v2\/types\/product"}],"replies":[{"embeddable":true,"href":"https:\/\/casabravo.cl\/index.php?rest_route=%2Fwp%2Fv2%2Fcomments&post=1926"}],"wp:featuredmedia":[{"embeddable":true,"href":"https:\/\/casabravo.cl\/index.php?rest_route=\/wp\/v2\/media\/1930"}],"wp:attachment":[{"href":"https:\/\/casabravo.cl\/index.php?rest_route=%2Fwp%2Fv2%2Fmedia&parent=1926"}],"curies":[{"name":"wp","href":"https:\/\/api.w.org\/{rel}","templated":true}]}}