{"id":1919,"date":"2018-12-05T21:38:55","date_gmt":"2018-12-05T21:38:55","guid":{"rendered":"http:\/\/casabravo.cl\/?post_type=product&#038;p=1919"},"modified":"2023-04-04T21:23:50","modified_gmt":"2023-04-04T21:23:50","slug":"camara-hdcvi-full-hd-2mp-30-mts","status":"publish","type":"product","link":"https:\/\/casabravo.cl\/?product=camara-hdcvi-full-hd-2mp-30-mts","title":{"rendered":"C\u00c1MARA BULLET HDCVI 1 MEGA PIXEL"},"content":{"rendered":"<p>C\u00c1MARA<\/p>\n<p><strong>CARACTER\u00cdSTICAS:<\/strong><\/p>\n<p>APLICACI\u00d3N: C\u00c1MARA BULLET EXTERIOR<\/p>\n<p>TIPO:\u00a0 HDCVI 1 MEGA PIXEL<\/p>\n<p>LENTE: 2.8 mm<\/p>\n<p>MATERIAL: PL\u00c1STICA<\/p>\n<p>DISTANCIA: 20.0 METROS &#8211; IP67<\/p>\n<p>MARCA: DAHUA<\/p>\n<p>C\u00d3DIGO: 000014<\/p>\n","protected":false},"excerpt":{"rendered":"<p>C\u00c1MARA CARACTER\u00cdSTICAS: APLICACI\u00d3N: C\u00c1MARA BULLET EXTERIOR TIPO:\u00a0 HDCVI 1 MEGA PIXEL LENTE: 2.8 mm MATERIAL: PL\u00c1STICA DISTANCIA: 20.0 METROS &#8211; IP67 MARCA: DAHUA C\u00d3DIGO: 000014<\/p>\n","protected":false},"featured_media":1921,"comment_status":"open","ping_status":"closed","template":"","meta":[],"_links":{"self":[{"href":"https:\/\/casabravo.cl\/index.php?rest_route=\/wp\/v2\/product\/1919"}],"collection":[{"href":"https:\/\/casabravo.cl\/index.php?rest_route=\/wp\/v2\/product"}],"about":[{"href":"https:\/\/casabravo.cl\/index.php?rest_route=\/wp\/v2\/types\/product"}],"replies":[{"embeddable":true,"href":"https:\/\/casabravo.cl\/index.php?rest_route=%2Fwp%2Fv2%2Fcomments&post=1919"}],"wp:featuredmedia":[{"embeddable":true,"href":"https:\/\/casabravo.cl\/index.php?rest_route=\/wp\/v2\/media\/1921"}],"wp:attachment":[{"href":"https:\/\/casabravo.cl\/index.php?rest_route=%2Fwp%2Fv2%2Fmedia&parent=1919"}],"curies":[{"name":"wp","href":"https:\/\/api.w.org\/{rel}","templated":true}]}}