{"id":1895,"date":"2018-12-05T19:52:43","date_gmt":"2018-12-05T19:52:43","guid":{"rendered":"http:\/\/casabravo.cl\/?post_type=product&#038;p=1895"},"modified":"2019-01-09T20:58:44","modified_gmt":"2019-01-09T20:58:44","slug":"camara-hdcvi-domo-metalica","status":"publish","type":"product","link":"https:\/\/casabravo.cl\/?product=camara-hdcvi-domo-metalica","title":{"rendered":"C\u00c1MARA HDCVI DOMO MET\u00c1LICA HD 1,0 MP"},"content":{"rendered":"<p>C\u00c1MARA SEGURIDAD<\/p>\n<p><strong>CARACTER\u00cdSTICAS:<\/strong><\/p>\n<p>APLICACI\u00d3N:\u00a0C\u00c1MARA HDCVI 1 MEGA PIXEL<\/p>\n<p>TIPO: DOMO MET\u00c1LICA HD\u00a02,7- 12MM<\/p>\n<p>DISTANCIA: 30.0 METROS \/ IP67<\/p>\n<p>MARCA: DAHUA<\/p>\n<p>C\u00d3DIGO: 054352<\/p>\n","protected":false},"excerpt":{"rendered":"<p>C\u00c1MARA SEGURIDAD CARACTER\u00cdSTICAS: APLICACI\u00d3N:\u00a0C\u00c1MARA HDCVI 1 MEGA PIXEL TIPO: DOMO MET\u00c1LICA HD\u00a02,7- 12MM DISTANCIA: 30.0 METROS \/ IP67 MARCA: DAHUA C\u00d3DIGO: 054352<\/p>\n","protected":false},"featured_media":1910,"comment_status":"open","ping_status":"closed","template":"","meta":[],"_links":{"self":[{"href":"https:\/\/casabravo.cl\/index.php?rest_route=\/wp\/v2\/product\/1895"}],"collection":[{"href":"https:\/\/casabravo.cl\/index.php?rest_route=\/wp\/v2\/product"}],"about":[{"href":"https:\/\/casabravo.cl\/index.php?rest_route=\/wp\/v2\/types\/product"}],"replies":[{"embeddable":true,"href":"https:\/\/casabravo.cl\/index.php?rest_route=%2Fwp%2Fv2%2Fcomments&post=1895"}],"wp:featuredmedia":[{"embeddable":true,"href":"https:\/\/casabravo.cl\/index.php?rest_route=\/wp\/v2\/media\/1910"}],"wp:attachment":[{"href":"https:\/\/casabravo.cl\/index.php?rest_route=%2Fwp%2Fv2%2Fmedia&parent=1895"}],"curies":[{"name":"wp","href":"https:\/\/api.w.org\/{rel}","templated":true}]}}