{"id":1893,"date":"2018-12-05T19:46:36","date_gmt":"2018-12-05T19:46:36","guid":{"rendered":"http:\/\/casabravo.cl\/?post_type=product&#038;p=1893"},"modified":"2021-06-29T22:31:56","modified_gmt":"2021-06-29T22:31:56","slug":"camara-hdcvi-plastica-20m","status":"publish","type":"product","link":"https:\/\/casabravo.cl\/?product=camara-hdcvi-plastica-20m","title":{"rendered":"C\u00c1MARA HDCVI PL\u00c1STICA 20.0 METROS"},"content":{"rendered":"<p>C\u00c1MARA<\/p>\n<p><strong>CARACTER\u00cdSTICAS:\u00a0<\/strong><\/p>\n<p>APLICACI\u00d3N:\u00a0C\u00c1MARA HDCVI 1 MEGA PIXEL<\/p>\n<p>TIPO:\u00a0PL\u00c1STICA\u00a0IP67\/ 2.8MM<\/p>\n<p>DISTANCIA: 20.0 METROS<\/p>\n<p>MARCA: DAHUA<\/p>\n<p>C\u00d3DIGO: 000013<\/p>\n","protected":false},"excerpt":{"rendered":"<p>C\u00c1MARA CARACTER\u00cdSTICAS:\u00a0 APLICACI\u00d3N:\u00a0C\u00c1MARA HDCVI 1 MEGA PIXEL TIPO:\u00a0PL\u00c1STICA\u00a0IP67\/ 2.8MM DISTANCIA: 20.0 METROS MARCA: DAHUA C\u00d3DIGO: 000013<\/p>\n","protected":false},"featured_media":1911,"comment_status":"open","ping_status":"closed","template":"","meta":[],"_links":{"self":[{"href":"https:\/\/casabravo.cl\/index.php?rest_route=\/wp\/v2\/product\/1893"}],"collection":[{"href":"https:\/\/casabravo.cl\/index.php?rest_route=\/wp\/v2\/product"}],"about":[{"href":"https:\/\/casabravo.cl\/index.php?rest_route=\/wp\/v2\/types\/product"}],"replies":[{"embeddable":true,"href":"https:\/\/casabravo.cl\/index.php?rest_route=%2Fwp%2Fv2%2Fcomments&post=1893"}],"wp:featuredmedia":[{"embeddable":true,"href":"https:\/\/casabravo.cl\/index.php?rest_route=\/wp\/v2\/media\/1911"}],"wp:attachment":[{"href":"https:\/\/casabravo.cl\/index.php?rest_route=%2Fwp%2Fv2%2Fmedia&parent=1893"}],"curies":[{"name":"wp","href":"https:\/\/api.w.org\/{rel}","templated":true}]}}