{"id":1892,"date":"2018-12-05T19:42:17","date_gmt":"2018-12-05T19:42:17","guid":{"rendered":"http:\/\/casabravo.cl\/?post_type=product&#038;p=1892"},"modified":"2021-10-20T19:19:01","modified_gmt":"2021-10-20T19:19:01","slug":"camara-lumibox-hdcvi-hd-1-mega-pixel","status":"publish","type":"product","link":"https:\/\/casabravo.cl\/?product=camara-lumibox-hdcvi-hd-1-mega-pixel","title":{"rendered":"C\u00c1MARA CMOS HDCVI 1 MEGA PIXEL \u00a0"},"content":{"rendered":"<p>C\u00c1MARA<\/p>\n<p><strong>CARACTER\u00cdSTICAS:<\/strong><\/p>\n<p>APLICACI\u00d3N:\u00a0C\u00c1MARA CMOS HD 1 MEGA PIXEL<\/p>\n<p>TIPO: PL\u00c1STICA &#8211; BALA &#8211; EXTERIOR IP67\/\u00a02,7-12mm.<\/p>\n<p>COMPATIBLE: CVI\/TVI\/AHD\/CVBS<\/p>\n<p>DISTANCIA: 20.0 METROS<\/p>\n<p>MARCA: DAHUA<\/p>\n<p>C\u00d3DIGO: 000008<\/p>\n","protected":false},"excerpt":{"rendered":"<p>C\u00c1MARA CARACTER\u00cdSTICAS: APLICACI\u00d3N:\u00a0C\u00c1MARA CMOS HD 1 MEGA PIXEL TIPO: PL\u00c1STICA &#8211; BALA &#8211; EXTERIOR IP67\/\u00a02,7-12mm. COMPATIBLE: CVI\/TVI\/AHD\/CVBS DISTANCIA: 20.0 METROS MARCA: DAHUA C\u00d3DIGO: 000008<\/p>\n","protected":false},"featured_media":1921,"comment_status":"open","ping_status":"closed","template":"","meta":[],"_links":{"self":[{"href":"https:\/\/casabravo.cl\/index.php?rest_route=\/wp\/v2\/product\/1892"}],"collection":[{"href":"https:\/\/casabravo.cl\/index.php?rest_route=\/wp\/v2\/product"}],"about":[{"href":"https:\/\/casabravo.cl\/index.php?rest_route=\/wp\/v2\/types\/product"}],"replies":[{"embeddable":true,"href":"https:\/\/casabravo.cl\/index.php?rest_route=%2Fwp%2Fv2%2Fcomments&post=1892"}],"wp:featuredmedia":[{"embeddable":true,"href":"https:\/\/casabravo.cl\/index.php?rest_route=\/wp\/v2\/media\/1921"}],"wp:attachment":[{"href":"https:\/\/casabravo.cl\/index.php?rest_route=%2Fwp%2Fv2%2Fmedia&parent=1892"}],"curies":[{"name":"wp","href":"https:\/\/api.w.org\/{rel}","templated":true}]}}