{"id":1873,"date":"2018-12-05T13:35:36","date_gmt":"2018-12-05T13:35:36","guid":{"rendered":"http:\/\/casabravo.cl\/?post_type=product&#038;p=1873"},"modified":"2021-05-31T22:28:17","modified_gmt":"2021-05-31T22:28:17","slug":"kit-luminaria-solar-50w-c-remoto","status":"publish","type":"product","link":"https:\/\/casabravo.cl\/?product=kit-luminaria-solar-50w-c-remoto","title":{"rendered":"KIT SOLAR CON CONTROL REMOTO 50 WATTS"},"content":{"rendered":"<p>KIT<\/p>\n<p><strong>CARACTER\u00cdSTICAS:<\/strong><\/p>\n<p>APLICACI\u00d3N:\u00a0LUMINARIA SOLAR 50 WATTS<\/p>\n<p>TIPO:\u00a0 CON CONTROL REMOTO &#8211;\u00a0IP65<\/p>\n<p>LUMINOSIDAD: 1.800 LM<\/p>\n<p>BATER\u00cdA: 3.7V 16.000MAH<\/p>\n<p>TIEMPO: 3 &#8211; 8 HORAS<\/p>\n<p>OPCI\u00d3N ENCENDIDO 3 HORAS &#8211; 5 HORAS &#8211; 8 HORAS<\/p>\n<p>C\u00d3DIGO: 000197<\/p>\n<p>&nbsp;<\/p>\n","protected":false},"excerpt":{"rendered":"<p>KIT CARACTER\u00cdSTICAS: APLICACI\u00d3N:\u00a0LUMINARIA SOLAR 50 WATTS TIPO:\u00a0 CON CONTROL REMOTO &#8211;\u00a0IP65 LUMINOSIDAD: 1.800 LM BATER\u00cdA: 3.7V 16.000MAH TIEMPO: 3 &#8211; 8 HORAS OPCI\u00d3N ENCENDIDO 3 HORAS &#8211; 5 HORAS &#8211; 8 HORAS C\u00d3DIGO: 000197 &nbsp;<\/p>\n","protected":false},"featured_media":4358,"comment_status":"open","ping_status":"closed","template":"","meta":[],"_links":{"self":[{"href":"https:\/\/casabravo.cl\/index.php?rest_route=\/wp\/v2\/product\/1873"}],"collection":[{"href":"https:\/\/casabravo.cl\/index.php?rest_route=\/wp\/v2\/product"}],"about":[{"href":"https:\/\/casabravo.cl\/index.php?rest_route=\/wp\/v2\/types\/product"}],"replies":[{"embeddable":true,"href":"https:\/\/casabravo.cl\/index.php?rest_route=%2Fwp%2Fv2%2Fcomments&post=1873"}],"wp:featuredmedia":[{"embeddable":true,"href":"https:\/\/casabravo.cl\/index.php?rest_route=\/wp\/v2\/media\/4358"}],"wp:attachment":[{"href":"https:\/\/casabravo.cl\/index.php?rest_route=%2Fwp%2Fv2%2Fmedia&parent=1873"}],"curies":[{"name":"wp","href":"https:\/\/api.w.org\/{rel}","templated":true}]}}