{"id":1839,"date":"2018-12-03T14:26:23","date_gmt":"2018-12-03T14:26:23","guid":{"rendered":"http:\/\/casabravo.cl\/?post_type=product&#038;p=1839"},"modified":"2024-05-17T16:42:45","modified_gmt":"2024-05-17T16:42:45","slug":"soquete-de-ampolleta-con-sensor","status":"publish","type":"product","link":"https:\/\/casabravo.cl\/?product=soquete-de-ampolleta-con-sensor","title":{"rendered":"AMPOLLETA LED DE EMERGENCIA 9 WATTS CON BATER\u00cdA"},"content":{"rendered":"<p>AMPOLLETA<\/p>\n<p><strong>CARACTER\u00cdSTICAS:<\/strong><\/p>\n<p>APLICACI\u00d3N: ADEM\u00c1S DE FUNCIONAR\u00a0 NORMALMENTE<\/p>\n<p>INCLUYE\u00a0 BATERIA (PILA) RECARGABLE<\/p>\n<p>TIPO: AMPOLLETA DE EMERGENCIA<\/p>\n<p>POTENCIA: 9 WATTS<\/p>\n<p>L\u00daMENES NORMAL: 600LM<\/p>\n<p>L\u00daMENES\u00a0 EMERGENCIA: 280LM<\/p>\n<p>TIEMPO DE CARGA: 6-8 HORAS<\/p>\n<p>DURACI\u00d3N CARGA: 2-3 HORAS<\/p>\n<p>COLOR: LUZ FR\u00cdA (6500K)<\/p>\n<p>C\u00d3DIGO: 001308<\/p>\n<p>&nbsp;<\/p>\n<p>&nbsp;<\/p>\n","protected":false},"excerpt":{"rendered":"<p>AMPOLLETA CARACTER\u00cdSTICAS: APLICACI\u00d3N: ADEM\u00c1S DE FUNCIONAR\u00a0 NORMALMENTE INCLUYE\u00a0 BATERIA (PILA) RECARGABLE TIPO: AMPOLLETA DE EMERGENCIA POTENCIA: 9 WATTS L\u00daMENES NORMAL: 600LM L\u00daMENES\u00a0 EMERGENCIA: 280LM TIEMPO DE CARGA: 6-8 HORAS DURACI\u00d3N CARGA: 2-3 HORAS COLOR: LUZ FR\u00cdA (6500K) C\u00d3DIGO: 001308 &nbsp; &nbsp;<\/p>\n","protected":false},"featured_media":0,"comment_status":"open","ping_status":"closed","template":"","meta":[],"_links":{"self":[{"href":"https:\/\/casabravo.cl\/index.php?rest_route=\/wp\/v2\/product\/1839"}],"collection":[{"href":"https:\/\/casabravo.cl\/index.php?rest_route=\/wp\/v2\/product"}],"about":[{"href":"https:\/\/casabravo.cl\/index.php?rest_route=\/wp\/v2\/types\/product"}],"replies":[{"embeddable":true,"href":"https:\/\/casabravo.cl\/index.php?rest_route=%2Fwp%2Fv2%2Fcomments&post=1839"}],"wp:attachment":[{"href":"https:\/\/casabravo.cl\/index.php?rest_route=%2Fwp%2Fv2%2Fmedia&parent=1839"}],"curies":[{"name":"wp","href":"https:\/\/api.w.org\/{rel}","templated":true}]}}