{"id":1602,"date":"2017-07-10T14:50:23","date_gmt":"2017-07-10T14:50:23","guid":{"rendered":"http:\/\/casabravo.cl\/?post_type=product&#038;p=1602"},"modified":"2019-01-15T21:22:21","modified_gmt":"2019-01-15T21:22:21","slug":"audifono-con-microfono-modelo-9031","status":"publish","type":"product","link":"https:\/\/casabravo.cl\/?product=audifono-con-microfono-modelo-9031","title":{"rendered":"AUD\u00cdFONO CON MICR\u00d3FONO"},"content":{"rendered":"<p>AUD\u00cdFONO CON MICR\u00d3FONO<\/p>\n<p><strong>CARACTER\u00cdSTICAS:<\/strong><\/p>\n<p>APLICACI\u00d3N: AUD\u00cdFONO CON MICR\u00d3FONO<\/p>\n<p>TIPO: FLEXIBLE A UN LADO<\/p>\n<p>CON CONTROL VOLUMEN<\/p>\n<p>C\u00d3DIGO:\u00a0 000496<\/p>\n","protected":false},"excerpt":{"rendered":"<p>AUD\u00cdFONO CON MICR\u00d3FONO CARACTER\u00cdSTICAS: APLICACI\u00d3N: AUD\u00cdFONO CON MICR\u00d3FONO TIPO: FLEXIBLE A UN LADO CON CONTROL VOLUMEN C\u00d3DIGO:\u00a0 000496<\/p>\n","protected":false},"featured_media":0,"comment_status":"open","ping_status":"closed","template":"","meta":[],"_links":{"self":[{"href":"https:\/\/casabravo.cl\/index.php?rest_route=\/wp\/v2\/product\/1602"}],"collection":[{"href":"https:\/\/casabravo.cl\/index.php?rest_route=\/wp\/v2\/product"}],"about":[{"href":"https:\/\/casabravo.cl\/index.php?rest_route=\/wp\/v2\/types\/product"}],"replies":[{"embeddable":true,"href":"https:\/\/casabravo.cl\/index.php?rest_route=%2Fwp%2Fv2%2Fcomments&post=1602"}],"wp:attachment":[{"href":"https:\/\/casabravo.cl\/index.php?rest_route=%2Fwp%2Fv2%2Fmedia&parent=1602"}],"curies":[{"name":"wp","href":"https:\/\/api.w.org\/{rel}","templated":true}]}}