{"id":1569,"date":"2017-04-11T16:16:13","date_gmt":"2017-04-11T16:16:13","guid":{"rendered":"http:\/\/casabravo.cl\/?post_type=product&#038;p=1569"},"modified":"2020-06-16T15:26:28","modified_gmt":"2020-06-16T15:26:28","slug":"mouse-inalambrico-transparente-modelo-629","status":"publish","type":"product","link":"https:\/\/casabravo.cl\/?product=mouse-inalambrico-transparente-modelo-629","title":{"rendered":"MOUSE USB INAL\u00c1MBRICO TRANSPARENTE"},"content":{"rendered":"<p>MOUSE<\/p>\n<p><strong>CARACTER\u00cdSTICAS:<\/strong><\/p>\n<p>APLICACI\u00d3N: USB INAL\u00c1MBRICO<\/p>\n<p>DISE\u00d1O: TRANSPARENTE<\/p>\n<p>PILAS: NO INCLUYE<\/p>\n<p>COLOR: AZUL &#8211; BLANCO &#8211; ROSADO<\/p>\n<p>MODELO:\u00a0629<\/p>\n<p>C\u00d3DIGO: 000244<\/p>\n","protected":false},"excerpt":{"rendered":"<p>MOUSE CARACTER\u00cdSTICAS: APLICACI\u00d3N: USB INAL\u00c1MBRICO DISE\u00d1O: TRANSPARENTE PILAS: NO INCLUYE COLOR: AZUL &#8211; BLANCO &#8211; ROSADO MODELO:\u00a0629 C\u00d3DIGO: 000244<\/p>\n","protected":false},"featured_media":1570,"comment_status":"open","ping_status":"closed","template":"","meta":[],"_links":{"self":[{"href":"https:\/\/casabravo.cl\/index.php?rest_route=\/wp\/v2\/product\/1569"}],"collection":[{"href":"https:\/\/casabravo.cl\/index.php?rest_route=\/wp\/v2\/product"}],"about":[{"href":"https:\/\/casabravo.cl\/index.php?rest_route=\/wp\/v2\/types\/product"}],"replies":[{"embeddable":true,"href":"https:\/\/casabravo.cl\/index.php?rest_route=%2Fwp%2Fv2%2Fcomments&post=1569"}],"wp:featuredmedia":[{"embeddable":true,"href":"https:\/\/casabravo.cl\/index.php?rest_route=\/wp\/v2\/media\/1570"}],"wp:attachment":[{"href":"https:\/\/casabravo.cl\/index.php?rest_route=%2Fwp%2Fv2%2Fmedia&parent=1569"}],"curies":[{"name":"wp","href":"https:\/\/api.w.org\/{rel}","templated":true}]}}