{"id":1525,"date":"2017-03-30T15:20:53","date_gmt":"2017-03-30T15:20:53","guid":{"rendered":"http:\/\/casabravo.cl\/?post_type=product&#038;p=1525"},"modified":"2019-01-19T15:12:16","modified_gmt":"2019-01-19T15:12:16","slug":"campana-ufo-100w","status":"publish","type":"product","link":"https:\/\/casabravo.cl\/?product=campana-ufo-100w","title":{"rendered":"CAMPANA LED UFO 100 WATTS"},"content":{"rendered":"<p>CAMPANA LED<\/p>\n<p><strong>CARACTER\u00cdSTICAS:<\/strong><\/p>\n<p>APLICACI\u00d3N: CAMPANA LED UFO 100 WATTS, GRAN ALCANCE LUMINOSO<\/p>\n<p>TIPO: RESISTE POLVO Y AMBIENTES H\u00daMEDOS PARA USO GALPONES,<\/p>\n<p>BODEGAS, GIMNASIOS, HANGARES<\/p>\n<p>LUMINOSIDAD: 8.000 L\u00daMENES<\/p>\n<p>VIDA \u00daTIL: 30.000 HORAS<\/p>\n<p>COLOR:LUZ FR\u00cdA (6500K) &#8211; IP 65<\/p>\n<p>DIMENSIONES: 290 MM DE DI\u00c1METRO<\/p>\n<p>C\u00d3DIGO: 000588<\/p>\n<p>&nbsp;<\/p>\n<p>&nbsp;<\/p>\n","protected":false},"excerpt":{"rendered":"<p>CAMPANA LED CARACTER\u00cdSTICAS: APLICACI\u00d3N: CAMPANA LED UFO 100 WATTS, GRAN ALCANCE LUMINOSO TIPO: RESISTE POLVO Y AMBIENTES H\u00daMEDOS PARA USO GALPONES, BODEGAS, GIMNASIOS, HANGARES LUMINOSIDAD: 8.000 L\u00daMENES VIDA \u00daTIL: 30.000 HORAS COLOR:LUZ FR\u00cdA (6500K) &#8211; IP 65 DIMENSIONES: 290 MM DE DI\u00c1METRO C\u00d3DIGO: 000588 &nbsp; &nbsp;<\/p>\n","protected":false},"featured_media":1526,"comment_status":"open","ping_status":"closed","template":"","meta":[],"_links":{"self":[{"href":"https:\/\/casabravo.cl\/index.php?rest_route=\/wp\/v2\/product\/1525"}],"collection":[{"href":"https:\/\/casabravo.cl\/index.php?rest_route=\/wp\/v2\/product"}],"about":[{"href":"https:\/\/casabravo.cl\/index.php?rest_route=\/wp\/v2\/types\/product"}],"replies":[{"embeddable":true,"href":"https:\/\/casabravo.cl\/index.php?rest_route=%2Fwp%2Fv2%2Fcomments&post=1525"}],"wp:featuredmedia":[{"embeddable":true,"href":"https:\/\/casabravo.cl\/index.php?rest_route=\/wp\/v2\/media\/1526"}],"wp:attachment":[{"href":"https:\/\/casabravo.cl\/index.php?rest_route=%2Fwp%2Fv2%2Fmedia&parent=1525"}],"curies":[{"name":"wp","href":"https:\/\/api.w.org\/{rel}","templated":true}]}}