{"id":1517,"date":"2017-03-30T14:40:29","date_gmt":"2017-03-30T14:40:29","guid":{"rendered":"http:\/\/casabravo.cl\/?post_type=product&#038;p=1517"},"modified":"2019-05-17T16:00:29","modified_gmt":"2019-05-17T16:00:29","slug":"panel-embutido-circular-25w-6000k","status":"publish","type":"product","link":"https:\/\/casabravo.cl\/?product=panel-embutido-circular-25w-6000k","title":{"rendered":"PANEL CIRCULAR EMBUTIDO 25 WATTS"},"content":{"rendered":"<p>PANEL LED<\/p>\n<p><strong>CARACTER\u00cdSTICAS:<\/strong><\/p>\n<p>APLICACI\u00d3N: PANEL LED 25 WATTS<\/p>\n<p>TIPO: CIRCULAR EMBUTIDO<\/p>\n<p>DI\u00c1METRO: 300 MM.<\/p>\n<p>L\u00daMENES: 70LMXW<\/p>\n<p>COLOR: LUZ FR\u00cdA (6000K)<\/p>\n<p>MARCA: LED KM<\/p>\n<p>C\u00d3DIGO: 001029<\/p>\n<p>&nbsp;<\/p>\n<p>&nbsp;<\/p>\n","protected":false},"excerpt":{"rendered":"<p>PANEL LED CARACTER\u00cdSTICAS: APLICACI\u00d3N: PANEL LED 25 WATTS TIPO: CIRCULAR EMBUTIDO DI\u00c1METRO: 300 MM. L\u00daMENES: 70LMXW COLOR: LUZ FR\u00cdA (6000K) MARCA: LED KM C\u00d3DIGO: 001029 &nbsp; &nbsp;<\/p>\n","protected":false},"featured_media":1510,"comment_status":"open","ping_status":"closed","template":"","meta":[],"_links":{"self":[{"href":"https:\/\/casabravo.cl\/index.php?rest_route=\/wp\/v2\/product\/1517"}],"collection":[{"href":"https:\/\/casabravo.cl\/index.php?rest_route=\/wp\/v2\/product"}],"about":[{"href":"https:\/\/casabravo.cl\/index.php?rest_route=\/wp\/v2\/types\/product"}],"replies":[{"embeddable":true,"href":"https:\/\/casabravo.cl\/index.php?rest_route=%2Fwp%2Fv2%2Fcomments&post=1517"}],"wp:featuredmedia":[{"embeddable":true,"href":"https:\/\/casabravo.cl\/index.php?rest_route=\/wp\/v2\/media\/1510"}],"wp:attachment":[{"href":"https:\/\/casabravo.cl\/index.php?rest_route=%2Fwp%2Fv2%2Fmedia&parent=1517"}],"curies":[{"name":"wp","href":"https:\/\/api.w.org\/{rel}","templated":true}]}}