{"id":1511,"date":"2017-03-30T14:31:57","date_gmt":"2017-03-30T14:31:57","guid":{"rendered":"http:\/\/casabravo.cl\/?post_type=product&#038;p=1511"},"modified":"2023-04-12T22:23:33","modified_gmt":"2023-04-12T22:23:33","slug":"panel-embutido-cuadrado-20w-6000k","status":"publish","type":"product","link":"https:\/\/casabravo.cl\/?product=panel-embutido-cuadrado-20w-6000k","title":{"rendered":"PANEL LED CUADRADO EMBUTIDO 20 WATTS"},"content":{"rendered":"<p>PANEL LED<\/p>\n<p><strong>CARACTER\u00cdSTICAS:<\/strong><\/p>\n<p>APLICACI\u00d3N: PANEL LED TECHO<\/p>\n<p>TIPO: CUADRADO EMBUTIDO<\/p>\n<p>DI\u00c1METRO: 220 MM.<\/p>\n<p>COLOR: LUZ FR\u00cdA (6000K)<\/p>\n<p>POTENCIA: 20 WATTS<\/p>\n<p>C\u00d3DIGO: 001026<\/p>\n<p>&nbsp;<\/p>\n<p>&nbsp;<\/p>\n","protected":false},"excerpt":{"rendered":"<p>PANEL LED CARACTER\u00cdSTICAS: APLICACI\u00d3N: PANEL LED TECHO TIPO: CUADRADO EMBUTIDO DI\u00c1METRO: 220 MM. COLOR: LUZ FR\u00cdA (6000K) POTENCIA: 20 WATTS C\u00d3DIGO: 001026 &nbsp; &nbsp;<\/p>\n","protected":false},"featured_media":1512,"comment_status":"open","ping_status":"closed","template":"","meta":[],"_links":{"self":[{"href":"https:\/\/casabravo.cl\/index.php?rest_route=\/wp\/v2\/product\/1511"}],"collection":[{"href":"https:\/\/casabravo.cl\/index.php?rest_route=\/wp\/v2\/product"}],"about":[{"href":"https:\/\/casabravo.cl\/index.php?rest_route=\/wp\/v2\/types\/product"}],"replies":[{"embeddable":true,"href":"https:\/\/casabravo.cl\/index.php?rest_route=%2Fwp%2Fv2%2Fcomments&post=1511"}],"wp:featuredmedia":[{"embeddable":true,"href":"https:\/\/casabravo.cl\/index.php?rest_route=\/wp\/v2\/media\/1512"}],"wp:attachment":[{"href":"https:\/\/casabravo.cl\/index.php?rest_route=%2Fwp%2Fv2%2Fmedia&parent=1511"}],"curies":[{"name":"wp","href":"https:\/\/api.w.org\/{rel}","templated":true}]}}