{"id":1467,"date":"2016-10-04T14:12:05","date_gmt":"2016-10-04T14:12:05","guid":{"rendered":"http:\/\/casabravo.cl\/?post_type=product&#038;p=1467"},"modified":"2019-01-25T21:23:07","modified_gmt":"2019-01-25T21:23:07","slug":"tubo-led-transparente-policarbonato-18w","status":"publish","type":"product","link":"https:\/\/casabravo.cl\/?product=tubo-led-transparente-policarbonato-18w","title":{"rendered":"TUBO LED POLICARBONATO TRANSPARENTE 18 WATTS"},"content":{"rendered":"<p>TUBO LED<\/p>\n<p><strong>CARACTER\u00cdSTICAS:<\/strong><\/p>\n<p>APLICACI\u00d3N: TUBO LED TRANSPARENTE 18 WATTS<\/p>\n<p>TIPO: POLICARBONATO TIPO MA\u00cdZ<\/p>\n<p>COLOR: LUZ FR\u00cdA (6500-7000K) FOCO DE ALTA LUMINOSIDAD,<\/p>\n<p>BLANCO EXTREMO, NO NECESITA PARTIDOR<\/p>\n<p>C\u00d3DIGO: 000880<\/p>\n<p>&nbsp;<\/p>\n","protected":false},"excerpt":{"rendered":"<p>TUBO LED CARACTER\u00cdSTICAS: APLICACI\u00d3N: TUBO LED TRANSPARENTE 18 WATTS TIPO: POLICARBONATO TIPO MA\u00cdZ COLOR: LUZ FR\u00cdA (6500-7000K) FOCO DE ALTA LUMINOSIDAD, BLANCO EXTREMO, NO NECESITA PARTIDOR C\u00d3DIGO: 000880 &nbsp;<\/p>\n","protected":false},"featured_media":1468,"comment_status":"open","ping_status":"closed","template":"","meta":[],"_links":{"self":[{"href":"https:\/\/casabravo.cl\/index.php?rest_route=\/wp\/v2\/product\/1467"}],"collection":[{"href":"https:\/\/casabravo.cl\/index.php?rest_route=\/wp\/v2\/product"}],"about":[{"href":"https:\/\/casabravo.cl\/index.php?rest_route=\/wp\/v2\/types\/product"}],"replies":[{"embeddable":true,"href":"https:\/\/casabravo.cl\/index.php?rest_route=%2Fwp%2Fv2%2Fcomments&post=1467"}],"wp:featuredmedia":[{"embeddable":true,"href":"https:\/\/casabravo.cl\/index.php?rest_route=\/wp\/v2\/media\/1468"}],"wp:attachment":[{"href":"https:\/\/casabravo.cl\/index.php?rest_route=%2Fwp%2Fv2%2Fmedia&parent=1467"}],"curies":[{"name":"wp","href":"https:\/\/api.w.org\/{rel}","templated":true}]}}