{"id":1377,"date":"2016-09-20T19:46:13","date_gmt":"2016-09-20T19:46:13","guid":{"rendered":"http:\/\/casabravo.cl\/?post_type=product&#038;p=1377"},"modified":"2024-05-17T14:30:02","modified_gmt":"2024-05-17T14:30:02","slug":"tubo-nanoplastic-xw-18w-t8120cm-tubo-completo","status":"publish","type":"product","link":"https:\/\/casabravo.cl\/?product=tubo-nanoplastic-xw-18w-t8120cm-tubo-completo","title":{"rendered":"TUBO LED VIDRIO 18 WATTS 120 CENT\u00cdMETROS"},"content":{"rendered":"<p>TUBO\u00a0LED<\/p>\n<p><strong>CARACTER\u00cdSTICAS:<\/strong><\/p>\n<p>APLICACI\u00d3N: TUBO LED 18 WATTS<\/p>\n<p>TIPO: VIDRIO<\/p>\n<p>COLOR: LUZ FR\u00cdA (6500K)<\/p>\n<p>L\u00daMENES: 2000LM<\/p>\n<p>MEDIDA: 120 CMS.<\/p>\n<p>C\u00d3DIGO: 054487<\/p>\n","protected":false},"excerpt":{"rendered":"<p>TUBO\u00a0LED CARACTER\u00cdSTICAS: APLICACI\u00d3N: TUBO LED 18 WATTS TIPO: VIDRIO COLOR: LUZ FR\u00cdA (6500K) L\u00daMENES: 2000LM MEDIDA: 120 CMS. C\u00d3DIGO: 054487<\/p>\n","protected":false},"featured_media":1378,"comment_status":"open","ping_status":"closed","template":"","meta":[],"_links":{"self":[{"href":"https:\/\/casabravo.cl\/index.php?rest_route=\/wp\/v2\/product\/1377"}],"collection":[{"href":"https:\/\/casabravo.cl\/index.php?rest_route=\/wp\/v2\/product"}],"about":[{"href":"https:\/\/casabravo.cl\/index.php?rest_route=\/wp\/v2\/types\/product"}],"replies":[{"embeddable":true,"href":"https:\/\/casabravo.cl\/index.php?rest_route=%2Fwp%2Fv2%2Fcomments&post=1377"}],"wp:featuredmedia":[{"embeddable":true,"href":"https:\/\/casabravo.cl\/index.php?rest_route=\/wp\/v2\/media\/1378"}],"wp:attachment":[{"href":"https:\/\/casabravo.cl\/index.php?rest_route=%2Fwp%2Fv2%2Fmedia&parent=1377"}],"curies":[{"name":"wp","href":"https:\/\/api.w.org\/{rel}","templated":true}]}}