{"id":1312,"date":"2016-09-06T15:18:17","date_gmt":"2016-09-06T15:18:17","guid":{"rendered":"http:\/\/casabravo.cl\/?post_type=product&#038;p=1312"},"modified":"2019-01-15T14:00:42","modified_gmt":"2019-01-15T14:00:42","slug":"linterna-multiuso","status":"publish","type":"product","link":"https:\/\/casabravo.cl\/?product=linterna-multiuso","title":{"rendered":"LINTERNA LED RECARGABLE EMERGENCIA"},"content":{"rendered":"<p>LINTERNA<\/p>\n<p><strong>CARACTER\u00cdSTICAS:<\/strong><\/p>\n<p>APLICACI\u00d3N: LINTERNA LED EMERGENCIA<\/p>\n<p>TIPO: CAMBIO CUBIERTA SEG\u00daN NECESIDAD<\/p>\n<p>CONTIENE: CARGADOR CORRIENTE + CARGADOR AUTO + 1 BATER\u00cdA<\/p>\n<p>FUNCI\u00d3N: ZOOM<\/p>\n<p>L\u00daMENES: 5000<\/p>\n<p>C\u00d3DIGO: 000613<\/p>\n<p>&nbsp;<\/p>\n","protected":false},"excerpt":{"rendered":"<p>LINTERNA CARACTER\u00cdSTICAS: APLICACI\u00d3N: LINTERNA LED EMERGENCIA TIPO: CAMBIO CUBIERTA SEG\u00daN NECESIDAD CONTIENE: CARGADOR CORRIENTE + CARGADOR AUTO + 1 BATER\u00cdA FUNCI\u00d3N: ZOOM L\u00daMENES: 5000 C\u00d3DIGO: 000613 &nbsp;<\/p>\n","protected":false},"featured_media":1313,"comment_status":"open","ping_status":"closed","template":"","meta":[],"_links":{"self":[{"href":"https:\/\/casabravo.cl\/index.php?rest_route=\/wp\/v2\/product\/1312"}],"collection":[{"href":"https:\/\/casabravo.cl\/index.php?rest_route=\/wp\/v2\/product"}],"about":[{"href":"https:\/\/casabravo.cl\/index.php?rest_route=\/wp\/v2\/types\/product"}],"replies":[{"embeddable":true,"href":"https:\/\/casabravo.cl\/index.php?rest_route=%2Fwp%2Fv2%2Fcomments&post=1312"}],"wp:featuredmedia":[{"embeddable":true,"href":"https:\/\/casabravo.cl\/index.php?rest_route=\/wp\/v2\/media\/1313"}],"wp:attachment":[{"href":"https:\/\/casabravo.cl\/index.php?rest_route=%2Fwp%2Fv2%2Fmedia&parent=1312"}],"curies":[{"name":"wp","href":"https:\/\/api.w.org\/{rel}","templated":true}]}}