{"id":1305,"date":"2016-09-06T15:11:17","date_gmt":"2016-09-06T15:11:17","guid":{"rendered":"http:\/\/casabravo.cl\/?post_type=product&#038;p=1305"},"modified":"2023-07-12T15:44:15","modified_gmt":"2023-07-12T15:44:15","slug":"linterna-tactica","status":"publish","type":"product","link":"https:\/\/casabravo.cl\/?product=linterna-tactica","title":{"rendered":"LINTERNA LED T\u00c1CTICA ALTO BRILLO"},"content":{"rendered":"<p>LINTERNA<\/p>\n<p><strong>CARACTER\u00cdSTICAS:<\/strong><\/p>\n<p>APLICACI\u00d3N: LINTERNA LED T\u00c1CTICA<\/p>\n<p>TIPO: LARGO ALCANCE Y PRECISI\u00d3N<\/p>\n<p>CINCO MODOS DE ACCI\u00d3N: ALTO, MEDIO, BAJO. SOS Y ESTROBOSC\u00d3PICA<\/p>\n<p>L\u00daMENES: 1200 lm<\/p>\n<p>CONTIENE: CAJA PL\u00c1STICA + CARGADOR CORRIENTE + BASE + 2 BATER\u00cdAS Y CLIP PARA CINTUR\u00d3N<\/p>\n<p>C\u00d3DIGO: 054461<\/p>\n","protected":false},"excerpt":{"rendered":"<p>LINTERNA CARACTER\u00cdSTICAS: APLICACI\u00d3N: LINTERNA LED T\u00c1CTICA TIPO: LARGO ALCANCE Y PRECISI\u00d3N CINCO MODOS DE ACCI\u00d3N: ALTO, MEDIO, BAJO. SOS Y ESTROBOSC\u00d3PICA L\u00daMENES: 1200 lm CONTIENE: CAJA PL\u00c1STICA + CARGADOR CORRIENTE + BASE + 2 BATER\u00cdAS Y CLIP PARA CINTUR\u00d3N C\u00d3DIGO: 054461<\/p>\n","protected":false},"featured_media":0,"comment_status":"open","ping_status":"closed","template":"","meta":[],"_links":{"self":[{"href":"https:\/\/casabravo.cl\/index.php?rest_route=\/wp\/v2\/product\/1305"}],"collection":[{"href":"https:\/\/casabravo.cl\/index.php?rest_route=\/wp\/v2\/product"}],"about":[{"href":"https:\/\/casabravo.cl\/index.php?rest_route=\/wp\/v2\/types\/product"}],"replies":[{"embeddable":true,"href":"https:\/\/casabravo.cl\/index.php?rest_route=%2Fwp%2Fv2%2Fcomments&post=1305"}],"wp:attachment":[{"href":"https:\/\/casabravo.cl\/index.php?rest_route=%2Fwp%2Fv2%2Fmedia&parent=1305"}],"curies":[{"name":"wp","href":"https:\/\/api.w.org\/{rel}","templated":true}]}}