{"id":1095,"date":"2016-06-13T15:07:32","date_gmt":"2016-06-13T15:07:32","guid":{"rendered":"http:\/\/casabravo.cl\/?post_type=product&#038;p=1095"},"modified":"2018-12-28T21:24:02","modified_gmt":"2018-12-28T21:24:02","slug":"bluetooth-ptelefono-2","status":"publish","type":"product","link":"https:\/\/casabravo.cl\/?product=bluetooth-ptelefono-2","title":{"rendered":"BLUETOOTH PARA TEL\u00c9FONO"},"content":{"rendered":"<p>BLUETOOTH<\/p>\n<p><strong>CARACTER\u00cdSTICAS:<\/strong><\/p>\n<p>APLICACI\u00d3N: MANOS LIBRES<\/p>\n<p>TIPO: BLUETOOTH TEL\u00c9FONO<\/p>\n<p>CONTIENE: CABLE CARGA + AUD\u00cdFONO<\/p>\n<p>C\u00d3DIGO: 000710<\/p>\n<p>&nbsp;<\/p>\n","protected":false},"excerpt":{"rendered":"<p>BLUETOOTH CARACTER\u00cdSTICAS: APLICACI\u00d3N: MANOS LIBRES TIPO: BLUETOOTH TEL\u00c9FONO CONTIENE: CABLE CARGA + AUD\u00cdFONO C\u00d3DIGO: 000710 &nbsp;<\/p>\n","protected":false},"featured_media":1096,"comment_status":"open","ping_status":"closed","template":"","meta":[],"_links":{"self":[{"href":"https:\/\/casabravo.cl\/index.php?rest_route=\/wp\/v2\/product\/1095"}],"collection":[{"href":"https:\/\/casabravo.cl\/index.php?rest_route=\/wp\/v2\/product"}],"about":[{"href":"https:\/\/casabravo.cl\/index.php?rest_route=\/wp\/v2\/types\/product"}],"replies":[{"embeddable":true,"href":"https:\/\/casabravo.cl\/index.php?rest_route=%2Fwp%2Fv2%2Fcomments&post=1095"}],"wp:featuredmedia":[{"embeddable":true,"href":"https:\/\/casabravo.cl\/index.php?rest_route=\/wp\/v2\/media\/1096"}],"wp:attachment":[{"href":"https:\/\/casabravo.cl\/index.php?rest_route=%2Fwp%2Fv2%2Fmedia&parent=1095"}],"curies":[{"name":"wp","href":"https:\/\/api.w.org\/{rel}","templated":true}]}}