{"id":1031,"date":"2016-06-06T16:23:06","date_gmt":"2016-06-06T16:23:06","guid":{"rendered":"http:\/\/casabravo.cl\/?post_type=product&#038;p=1031"},"modified":"2020-10-29T23:06:32","modified_gmt":"2020-10-29T23:06:32","slug":"pendrive-4gb-mv-3d-flash","status":"publish","type":"product","link":"https:\/\/casabravo.cl\/?product=pendrive-4gb-mv-3d-flash","title":{"rendered":"PENDRIVE 4GB MV 3D FLASH"},"content":{"rendered":"<p>PENDRIVE<\/p>\n<p><strong>CARACTER\u00cdSTICAS:<\/strong><\/p>\n<p>APLICACI\u00d3N: PENDRIVE USB 2.0<\/p>\n<p>TIPO: LLAVERO<\/p>\n<p>CAPACIDAD: 4GB<\/p>\n<p>DISE\u00d1O:\u00a03D FLASH<\/p>\n<p>C\u00d3DIGO: 000932<\/p>\n<p>&nbsp;<\/p>\n","protected":false},"excerpt":{"rendered":"<p>PENDRIVE CARACTER\u00cdSTICAS: APLICACI\u00d3N: PENDRIVE USB 2.0 TIPO: LLAVERO CAPACIDAD: 4GB DISE\u00d1O:\u00a03D FLASH C\u00d3DIGO: 000932 &nbsp;<\/p>\n","protected":false},"featured_media":1032,"comment_status":"open","ping_status":"closed","template":"","meta":[],"_links":{"self":[{"href":"https:\/\/casabravo.cl\/index.php?rest_route=\/wp\/v2\/product\/1031"}],"collection":[{"href":"https:\/\/casabravo.cl\/index.php?rest_route=\/wp\/v2\/product"}],"about":[{"href":"https:\/\/casabravo.cl\/index.php?rest_route=\/wp\/v2\/types\/product"}],"replies":[{"embeddable":true,"href":"https:\/\/casabravo.cl\/index.php?rest_route=%2Fwp%2Fv2%2Fcomments&post=1031"}],"wp:featuredmedia":[{"embeddable":true,"href":"https:\/\/casabravo.cl\/index.php?rest_route=\/wp\/v2\/media\/1032"}],"wp:attachment":[{"href":"https:\/\/casabravo.cl\/index.php?rest_route=%2Fwp%2Fv2%2Fmedia&parent=1031"}],"curies":[{"name":"wp","href":"https:\/\/api.w.org\/{rel}","templated":true}]}}